{"id":144,"date":"2018-04-06T17:51:57","date_gmt":"2018-04-06T15:51:57","guid":{"rendered":"http:\/\/www.ffneumarkt.at\/2018\/?page_id=144"},"modified":"2018-07-26T21:07:34","modified_gmt":"2018-07-26T19:07:34","slug":"impressum","status":"publish","type":"page","link":"https:\/\/www.ffneumarkt.at\/2018\/?page_id=144","title":{"rendered":"Impressum"},"content":{"rendered":"<div class=\"et-box et-shadow\">\n<div class=\"et-box-content\"><strong> Freiwillige Feuerwehr Neumarkt im M\u00fchlkreis<\/strong> <br class=\"none\">Edlwies 3, 4212 Neumarkt i.M. <br class=\"none\">Telefon: 07941\/8222 <br class=\"none\">Fax: 07941\/8222-4 <br class=\"none\">E-Mail: 02121@fr.ooelfv.at<\/div>\n<\/div>\n<h2>&nbsp;<\/h2>\n<h2>Haftungsausschluss<\/h2>\n<p><br class=\"none\">Die Freiwillige Feuerwehr Neumarkt i. M. ist bem\u00fcht, richtige und vollst\u00e4ndige Informationen auf dieser Website bereitzustellen, \u00fcbernimmt aber keinerlei Verantwortung, Garantien oder Haftung daf\u00fcr, dass die durch diese Website bereitgestellten Informationen, einschlie\u00dflich jeglicher Datenbankeintr\u00e4ge, richtig, vollst\u00e4ndig oder aktuell sind.<\/p>\n<p>Die Freiwillige Feuerwehr Neumarkt i. M. beh\u00e4lt sich das Recht vor, jederzeit und ohne Vorank\u00fcndigung die Informationen auf dieser Website zu \u00e4ndern und verpflichtet sich auch nicht, die enthaltenen Informationen zu aktualisieren. Die Hypertext-Links sind ausschlie\u00dflich als Vereinfachung f\u00fcr die Benutzer gedacht und die Aufnahme eines beliebigen Links bedeutet keine Unterst\u00fctzung oder Empfehlung der verlinkten Information durch die FF Neumarkt i. M. und spiegelt nicht die Meinung der Feuerwehr wieder. Die Feuerwehr ist in keiner Weise verantwortlich f\u00fcr die Inhalte auf irgendeiner verlinkten Website oder irgendeinem Link in einer verlinkten Website.<\/p>\n<p>In keinem Fall kann die Freiwillige Feuerwehr Neumarkt i. M. bzw. die Gemeinde Neumarkt f\u00fcr Sch\u00e4den irgendeiner Art haftbar gemacht werden, die sich aus der Nutzung oder den Inhalten oder der Verf\u00fcgbarkeit dieser Website, oder den Dokumenten, Diensten und Informationen auf dieser Website ergeben k\u00f6nnten. Dabei ist es gleichg\u00fcltig, ob der Schaden direkter, indirekter oder finanzieller Natur ist, oder es sich um einen Folgeschaden bzw. sonstigen Schaden handelt, der sich aus Datenverlust, Nutzungsausfall oder sonstigen Gr\u00fcnden aller Art ergeben k\u00f6nnte.<\/p>\n<p>&nbsp;<\/p>\n<p>&nbsp;<\/p>\n","protected":false},"excerpt":{"rendered":"<p>Freiwillige Feuerwehr Neumarkt im M\u00fchlkreis Edlwies 3, 4212 Neumarkt i.M. Telefon: 07941\/8222 Fax: 07941\/8222-4 E-Mail: 02121@fr.ooelfv.at &nbsp; Haftungsausschluss Die Freiwillige Feuerwehr Neumarkt i. M. ist bem\u00fcht, richtige und vollst\u00e4ndige Informationen auf dieser Website bereitzustellen, \u00fcbernimmt aber keinerlei Verantwortung, Garantien oder Haftung daf\u00fcr, dass die durch diese Website bereitgestellten Informationen, einschlie\u00dflich jeglicher Datenbankeintr\u00e4ge, richtig, vollst\u00e4ndig oder [&hellip;]<\/p>\n","protected":false},"author":2,"featured_media":0,"parent":0,"menu_order":0,"comment_status":"closed","ping_status":"closed","template":"","meta":{"ngg_post_thumbnail":0},"_links":{"self":[{"href":"https:\/\/www.ffneumarkt.at\/2018\/index.php?rest_route=\/wp\/v2\/pages\/144"}],"collection":[{"href":"https:\/\/www.ffneumarkt.at\/2018\/index.php?rest_route=\/wp\/v2\/pages"}],"about":[{"href":"https:\/\/www.ffneumarkt.at\/2018\/index.php?rest_route=\/wp\/v2\/types\/page"}],"author":[{"embeddable":true,"href":"https:\/\/www.ffneumarkt.at\/2018\/index.php?rest_route=\/wp\/v2\/users\/2"}],"replies":[{"embeddable":true,"href":"https:\/\/www.ffneumarkt.at\/2018\/index.php?rest_route=%2Fwp%2Fv2%2Fcomments&post=144"}],"version-history":[{"count":2,"href":"https:\/\/www.ffneumarkt.at\/2018\/index.php?rest_route=\/wp\/v2\/pages\/144\/revisions"}],"predecessor-version":[{"id":443,"href":"https:\/\/www.ffneumarkt.at\/2018\/index.php?rest_route=\/wp\/v2\/pages\/144\/revisions\/443"}],"wp:attachment":[{"href":"https:\/\/www.ffneumarkt.at\/2018\/index.php?rest_route=%2Fwp%2Fv2%2Fmedia&parent=144"}],"curies":[{"name":"wp","href":"https:\/\/api.w.org\/{rel}","templated":true}]}}